{"id":464,"date":"2020-10-27T18:04:47","date_gmt":"2020-10-27T16:04:47","guid":{"rendered":"http:\/\/www.industrialclm.com\/?page_id=464"},"modified":"2022-03-21T16:44:07","modified_gmt":"2022-03-21T15:44:07","slug":"politica-de-privacidad","status":"publish","type":"page","link":"https:\/\/www.industrialclm.com\/ro\/politica-de-privacidad\/","title":{"rendered":"Pol\u00edtica de Privacidad"},"content":{"rendered":"\t\t<div data-elementor-type=\"wp-page\" data-elementor-id=\"464\" class=\"elementor elementor-464\" data-elementor-post-type=\"page\">\n\t\t\t\t\t\t<section class=\"elementor-section elementor-top-section elementor-element elementor-element-6098b0de elementor-section-boxed elementor-section-height-default elementor-section-height-default\" data-id=\"6098b0de\" data-element_type=\"section\" data-e-type=\"section\">\n\t\t\t\t\t\t<div class=\"elementor-container elementor-column-gap-default\">\n\t\t\t\t\t<div class=\"elementor-column elementor-col-100 elementor-top-column elementor-element elementor-element-3e809d14\" data-id=\"3e809d14\" data-element_type=\"column\" data-e-type=\"column\">\n\t\t\t<div class=\"elementor-widget-wrap elementor-element-populated\">\n\t\t\t\t\t\t<div class=\"elementor-element elementor-element-38d35ecb elementor-widget elementor-widget-text-editor\" data-id=\"38d35ecb\" data-element_type=\"widget\" data-e-type=\"widget\" data-widget_type=\"text-editor.default\">\n\t\t\t\t<div class=\"elementor-widget-container\">\n\t\t\t\t\t\t\t\t\t<h1 class=\"tb-heading\" data-toolset-blocks-heading=\"1\" data-last-update=\"1.4\"><strong>Pol\u00edtica de Privacidad<\/strong>\u00a0<\/h1><div><span style=\"color: var( --e-global-color-text ); font-family: var( --e-global-typography-text-font-family ), Sans-serif; font-size: 1rem;\">Los datos personales aportados a trav\u00e9s de este portal se encuentran incluidos en tratamientos cuyos responsables son los \u00f3rganos gestores de esta Administraci\u00f3n y que forman parte del Registro de Actividades de Tratamiento de la Junta de Comunidades de Castilla-La Mancha.<\/span><\/div><div class=\"wp-block-toolset-blocks-grid tb-grid\" data-toolset-blocks-grid=\"1\"><div class=\"wp-block-toolset-blocks-grid-column tb-grid-column tb-grid-align-top\" data-toolset-blocks-grid-column=\"1\"><span style=\"color: var( --e-global-color-text ); font-family: var( --e-global-typography-text-font-family ), Sans-serif; font-size: 1rem; font-style: inherit; font-weight: inherit;\"><span style=\"font-style: inherit; font-weight: inherit; color: var( --e-global-color-text ); font-family: var( --e-global-typography-text-font-family ), Sans-serif;\">Estos datos se recogen a trav\u00e9s de diferentes formularios que contienen exclusivamente los campos imprescindibles para poder prestar el servicio solicitado y que son los estrictamente necesarios, adecuados y pertinentes para su finalidad y no se utilizar\u00e1n para prop\u00f3sitos no compatibles con la finalidad que origin\u00f3 su recogida.<\/span><\/span><span style=\"color: var( --e-global-color-text ); font-family: var( --e-global-typography-text-font-family ), Sans-serif; font-size: 1rem; font-style: inherit; font-weight: inherit;\"><span style=\"font-style: inherit; font-weight: inherit; color: var( --e-global-color-text ); font-family: var( --e-global-typography-text-font-family ), Sans-serif;\"><br \/><\/span><\/span><span style=\"color: var( --e-global-color-text ); font-family: var( --e-global-typography-text-font-family ), Sans-serif; font-size: 1rem; font-style: inherit; font-weight: inherit;\"><span style=\"font-style: inherit; font-weight: inherit; color: var( --e-global-color-text ); font-family: var( --e-global-typography-text-font-family ), Sans-serif;\">En cada formulario en el que se recaban datos de car\u00e1cter personal, se informa expresamente de la existencia del tratamiento de estos datos y de las principales caracter\u00edsticas del mismo en cumplimiento del art\u00edculo 13 del RGPD.<\/span><\/span><span style=\"color: var( --e-global-color-text ); font-family: var( --e-global-typography-text-font-family ), Sans-serif; font-size: 1rem; font-style: inherit; font-weight: inherit;\"><span style=\"font-style: inherit; font-weight: inherit; color: var( --e-global-color-text ); font-family: var( --e-global-typography-text-font-family ), Sans-serif;\"><br \/><\/span><\/span><span style=\"color: var( --e-global-color-text ); font-family: var( --e-global-typography-text-font-family ), Sans-serif; font-size: 1rem; font-style: inherit; font-weight: inherit;\"><span style=\"font-style: inherit; font-weight: inherit; color: var( --e-global-color-text ); font-family: var( --e-global-typography-text-font-family ), Sans-serif;\">Las medidas de seguridad implantadas para garantizar la seguridad de los datos de car\u00e1cter personal se corresponden con las previstas en el Anexo II (Medidas de seguridad) del Real Decreto 3\/2010, de 8 de enero, por el que se regula el Esquema Nacional de Seguridad en el \u00e1mbito de la Administraci\u00f3n Electr\u00f3nica.<\/span><\/span><span style=\"color: var( --e-global-color-text ); font-family: var( --e-global-typography-text-font-family ), Sans-serif; font-size: 1rem; font-style: inherit; font-weight: inherit;\"><span style=\"font-style: inherit; font-weight: inherit; color: var( --e-global-color-text ); font-family: var( --e-global-typography-text-font-family ), Sans-serif;\"><br \/><\/span><\/span><span style=\"color: var( --e-global-color-text ); font-family: var( --e-global-typography-text-font-family ), Sans-serif; font-size: 1rem; font-style: inherit; font-weight: inherit;\"><span style=\"font-style: inherit; font-weight: inherit; color: var( --e-global-color-text ); font-family: var( --e-global-typography-text-font-family ), Sans-serif;\">Puede consultar el <\/span><a style=\"font-style: inherit; font-weight: inherit; font-family: var( --e-global-typography-text-font-family ), Sans-serif; background-color: #ffffff;\" href=\"https:\/\/rat.castillalamancha.es\/\">Registro de Actividades de Tratamiento<\/a><span style=\"font-style: inherit; font-weight: inherit; color: var( --e-global-color-text ); font-family: var( --e-global-typography-text-font-family ), Sans-serif;\"> de la Junta de Comunidades de Castilla-La Mancha<\/span><\/span><span style=\"color: var( --e-global-color-text ); font-family: var( --e-global-typography-text-font-family ), Sans-serif; font-size: 1rem; font-style: inherit; font-weight: inherit;\"><span style=\"font-style: inherit; font-weight: inherit; color: var( --e-global-color-text ); font-family: var( --e-global-typography-text-font-family ), Sans-serif;\"><br \/><\/span><\/span><span style=\"color: var( --e-global-color-text ); font-family: var( --e-global-typography-text-font-family ), Sans-serif; font-size: 1rem; font-style: inherit; font-weight: inherit;\"><span style=\"font-style: inherit; font-weight: inherit; color: var( --e-global-color-text ); font-family: var( --e-global-typography-text-font-family ), Sans-serif;\">Para cualquier cuesti\u00f3n relacionada con la protecci\u00f3n de datos se puede dirigir a la delegada de protecci\u00f3n de datos de esta Administraci\u00f3n cuyos datos de contacto son los siguientes:<\/span><\/span><span style=\"color: var( --e-global-color-text ); font-family: var( --e-global-typography-text-font-family ), Sans-serif; font-size: 1rem; font-style: inherit; font-weight: inherit;\"><span style=\"font-style: inherit; font-weight: inherit; color: var( --e-global-color-text ); font-family: var( --e-global-typography-text-font-family ), Sans-serif;\"><br \/><\/span><\/span><span style=\"color: var( --e-global-color-text ); font-family: var( --e-global-typography-text-font-family ), Sans-serif; font-size: 1rem; font-style: inherit; font-weight: inherit;\"><span style=\"font-style: inherit; font-weight: inherit; color: var( --e-global-color-text ); font-family: var( --e-global-typography-text-font-family ), Sans-serif;\">Direcci\u00f3n postal:<\/span><\/span><span style=\"color: var( --e-global-color-text ); font-family: var( --e-global-typography-text-font-family ), Sans-serif; font-size: 1rem; font-style: inherit; font-weight: inherit;\"><span style=\"font-style: inherit; font-weight: inherit; color: var( --e-global-color-text ); font-family: var( --e-global-typography-text-font-family ), Sans-serif;\">Delegada de Protecci\u00f3n de Datos<\/span><\/span><span style=\"color: var( --e-global-color-text ); font-family: var( --e-global-typography-text-font-family ), Sans-serif; font-size: 1rem; font-style: inherit; font-weight: inherit;\"><span style=\"font-style: inherit; font-weight: inherit; color: var( --e-global-color-text ); font-family: var( --e-global-typography-text-font-family ), Sans-serif;\">Direcci\u00f3n General de Administraci\u00f3n Digital<\/span><\/span><span style=\"color: var( --e-global-color-text ); font-family: var( --e-global-typography-text-font-family ), Sans-serif; font-size: 1rem; font-style: inherit; font-weight: inherit;\"><span style=\"font-style: inherit; font-weight: inherit; color: var( --e-global-color-text ); font-family: var( --e-global-typography-text-font-family ), Sans-serif;\">Consejer\u00eda de Hacienda y Administraciones P\u00fablicas<\/span><span style=\"font-style: inherit; font-weight: inherit; color: var( --e-global-color-text ); font-family: var( --e-global-typography-text-font-family ), Sans-serif;\">Calle R\u00edo Cifuentes S\/N<\/span><\/span><span style=\"color: var( --e-global-color-text ); font-family: var( --e-global-typography-text-font-family ), Sans-serif; font-size: 1rem; font-style: inherit; font-weight: inherit;\"><span style=\"font-style: inherit; font-weight: inherit; color: var( --e-global-color-text ); font-family: var( --e-global-typography-text-font-family ), Sans-serif;\">45071 &#8211; Toledo\u00a0 \u00a0 \u00a0<\/span><\/span><span style=\"color: var( --e-global-color-text ); font-family: var( --e-global-typography-text-font-family ), Sans-serif; font-size: 1rem; font-style: inherit; font-weight: inherit;\"><span style=\"font-style: inherit; font-weight: inherit; color: var( --e-global-color-text ); font-family: var( --e-global-typography-text-font-family ), Sans-serif;\">Direcci\u00f3n de correo electr\u00f3nico: <\/span><a style=\"font-style: inherit; font-weight: inherit; font-family: var( --e-global-typography-text-font-family ), Sans-serif; background-color: #ffffff;\" href=\"mailto:protecciondatos@jccm.es\">protecciondatos@jccm.es<\/a><\/span><span style=\"color: var( --e-global-color-text ); font-family: var( --e-global-typography-text-font-family ), Sans-serif; font-size: 1rem; font-style: inherit; font-weight: inherit;\"><span style=\"font-style: inherit; font-weight: inherit; color: var( --e-global-color-text ); font-family: var( --e-global-typography-text-font-family ), Sans-serif;\"><br \/><\/span><\/span><span style=\"color: var( --e-global-color-text ); font-family: var( --e-global-typography-text-font-family ), Sans-serif; font-size: 1rem; font-style: inherit; font-weight: inherit;\"><span style=\"font-style: inherit; font-weight: inherit; color: var( --e-global-color-text ); font-family: var( --e-global-typography-text-font-family ), Sans-serif;\">La ciudadan\u00eda podr\u00e1 ejercer de forma gratuita sus derechos de acceso, rectificaci\u00f3n, supresi\u00f3n, limitaci\u00f3n y oposici\u00f3n, por los siguientes medios:<\/span><\/span><\/div><div class=\"wp-block-toolset-blocks-grid-column tb-grid-column tb-grid-align-top\" data-toolset-blocks-grid-column=\"1\"><ul><li>Mediante escrito dirigido al \u00f3rgano gestor responsable del tratamiento. Se dispone de modelos oficiales para la solicitud de estos derechos (<a href=\"https:\/\/www.jccm.es\/tramitesygestiones\/ejercicio-de-lo-derechos-de-acceso-rectificacion-supresion-oposicion-limitacion\">pinche aqu\u00ed<\/a>).<\/li><li><a href=\"https:\/\/www.jccm.es\/tramitesygestiones\/ejercicio-de-los-derechos-de-acceso-rectificacion-oposicion-limitacion\">Tramitaci\u00f3n Electr\u00f3nica SESCAM<\/a> , si los datos de car\u00e1cter personal est\u00e1n incluidos en ficheros cuyo responsable es un \u00f3rgano dependiente del SESCAM.<\/li><li><a href=\"http:\/\/pagina.jccm.es\/administracion_electronica\/formularios\/identificacion.phtml\">Tramitaci\u00f3n Electr\u00f3nica<\/a> para el resto de los \u00f3rganos de la Junta de Comunidades de Castilla-La Mancha.<\/li><\/ul><p>Tambi\u00e9n tiene derecho a presentar una reclamaci\u00f3n ante la delegada de protecci\u00f3n de datos de manera presencial en las oficinas de registro o a trav\u00e9s del siguiente <a href=\"https:\/\/registrounicociudadanos.jccm.es\/registrounicociudadanos\/acceso.do?id=SJLZ\">formulario<\/a>.<\/p><p><span style=\"font-style: inherit; font-weight: inherit; color: var( --e-global-color-text ); font-family: var( --e-global-typography-text-font-family ), Sans-serif;\">Para la resoluci\u00f3n de estos derechos, le informamos que, en cumplimiento del art\u00edculo 28.2 de la Ley 39\/2015, de 1 de octubre, del Procedimiento Administrativo com\u00fan de las Administraciones P\u00fablicas, esta Administraci\u00f3n verificar\u00e1 los datos solicitados y que obran en poder de otras AAPP u otros \u00f3rganos gestores de esta Administraci\u00f3n, salvo que manifieste su oposici\u00f3n expresa.<\/span><\/p><\/div><\/div>\t\t\t\t\t\t\t\t<\/div>\n\t\t\t\t<\/div>\n\t\t\t\t\t<\/div>\n\t\t<\/div>\n\t\t\t\t\t<\/div>\n\t\t<\/section>\n\t\t\t\t<\/div>\n\t\t","protected":false},"excerpt":{"rendered":"<p>Pol\u00edtica de Privacidad\u00a0 Los datos personales aportados a trav\u00e9s de este portal se encuentran incluidos en tratamientos cuyos responsables son los \u00f3rganos gestores de esta Administraci\u00f3n y que forman parte del Registro de Actividades de Tratamiento de la Junta de Comunidades de Castilla-La Mancha.Estos datos se recogen a trav\u00e9s de diferentes formularios que contienen exclusivamente [&hellip;]<\/p>\n","protected":false},"author":1,"featured_media":0,"parent":0,"menu_order":0,"comment_status":"closed","ping_status":"closed","template":"","meta":{"_uag_custom_page_level_css":"","site-sidebar-layout":"default","site-content-layout":"default","ast-site-content-layout":"default","site-content-style":"default","site-sidebar-style":"default","ast-global-header-display":"","ast-banner-title-visibility":"","ast-main-header-display":"","ast-hfb-above-header-display":"","ast-hfb-below-header-display":"","ast-hfb-mobile-header-display":"","site-post-title":"disabled","ast-breadcrumbs-content":"","ast-featured-img":"disabled","footer-sml-layout":"","ast-disable-related-posts":"","theme-transparent-header-meta":"default","adv-header-id-meta":"","stick-header-meta":"default","header-above-stick-meta":"","header-main-stick-meta":"","header-below-stick-meta":"","astra-migrate-meta-layouts":"default","ast-page-background-enabled":"default","ast-page-background-meta":{"desktop":{"background-color":"","background-image":"","background-repeat":"repeat","background-position":"center center","background-size":"auto","background-attachment":"scroll","background-type":"","background-media":"","overlay-type":"","overlay-color":"","overlay-opacity":"","overlay-gradient":""},"tablet":{"background-color":"","background-image":"","background-repeat":"repeat","background-position":"center center","background-size":"auto","background-attachment":"scroll","background-type":"","background-media":"","overlay-type":"","overlay-color":"","overlay-opacity":"","overlay-gradient":""},"mobile":{"background-color":"","background-image":"","background-repeat":"repeat","background-position":"center center","background-size":"auto","background-attachment":"scroll","background-type":"","background-media":"","overlay-type":"","overlay-color":"","overlay-opacity":"","overlay-gradient":""}},"ast-content-background-meta":{"desktop":{"background-color":"var(--ast-global-color-5)","background-image":"","background-repeat":"repeat","background-position":"center center","background-size":"auto","background-attachment":"scroll","background-type":"","background-media":"","overlay-type":"","overlay-color":"","overlay-opacity":"","overlay-gradient":""},"tablet":{"background-color":"var(--ast-global-color-5)","background-image":"","background-repeat":"repeat","background-position":"center center","background-size":"auto","background-attachment":"scroll","background-type":"","background-media":"","overlay-type":"","overlay-color":"","overlay-opacity":"","overlay-gradient":""},"mobile":{"background-color":"var(--ast-global-color-5)","background-image":"","background-repeat":"repeat","background-position":"center center","background-size":"auto","background-attachment":"scroll","background-type":"","background-media":"","overlay-type":"","overlay-color":"","overlay-opacity":"","overlay-gradient":""}},"footnotes":""},"categories":[],"zona-de-exportacion":[],"class_list":["post-464","page","type-page","status-publish","hentry"],"yoast_head":"<!-- This site is optimized with the Yoast SEO plugin v27.2 - https:\/\/yoast.com\/product\/yoast-seo-wordpress\/ -->\n<title>Pol\u00edtica de Privacidad - Industrial<\/title>\n<meta name=\"robots\" content=\"index, follow, max-snippet:-1, max-image-preview:large, max-video-preview:-1\" \/>\n<link rel=\"canonical\" href=\"https:\/\/www.industrialclm.com\/en\/politica-de-privacidad\/\" \/>\n<meta property=\"og:locale\" content=\"ro_RO\" \/>\n<meta property=\"og:type\" content=\"article\" \/>\n<meta property=\"og:title\" content=\"Pol\u00edtica de Privacidad - Industrial\" \/>\n<meta property=\"og:description\" content=\"Pol\u00edtica de Privacidad\u00a0 Los datos personales aportados a trav\u00e9s de este portal se encuentran incluidos en tratamientos cuyos responsables son los \u00f3rganos gestores de esta Administraci\u00f3n y que forman parte del Registro de Actividades de Tratamiento de la Junta de Comunidades de Castilla-La Mancha.Estos datos se recogen a trav\u00e9s de diferentes formularios que contienen exclusivamente [&hellip;]\" \/>\n<meta property=\"og:url\" content=\"https:\/\/www.industrialclm.com\/en\/politica-de-privacidad\/\" \/>\n<meta property=\"og:site_name\" content=\"Industrial\" \/>\n<meta property=\"article:modified_time\" content=\"2022-03-21T15:44:07+00:00\" \/>\n<meta name=\"twitter:card\" content=\"summary_large_image\" \/>\n<script type=\"application\/ld+json\" class=\"yoast-schema-graph\">{\"@context\":\"https:\/\/schema.org\",\"@graph\":[{\"@type\":\"WebPage\",\"@id\":\"https:\/\/www.industrialclm.com\/en\/politica-de-privacidad\/\",\"url\":\"https:\/\/www.industrialclm.com\/en\/politica-de-privacidad\/\",\"name\":\"Pol\u00edtica de Privacidad - Industrial\",\"isPartOf\":{\"@id\":\"https:\/\/www.industrialclm.com\/en\/#website\"},\"datePublished\":\"2020-10-27T16:04:47+00:00\",\"dateModified\":\"2022-03-21T15:44:07+00:00\",\"breadcrumb\":{\"@id\":\"https:\/\/www.industrialclm.com\/en\/politica-de-privacidad\/#breadcrumb\"},\"inLanguage\":\"ro-RO\",\"potentialAction\":[{\"@type\":\"ReadAction\",\"target\":[\"https:\/\/www.industrialclm.com\/en\/politica-de-privacidad\/\"]}]},{\"@type\":\"BreadcrumbList\",\"@id\":\"https:\/\/www.industrialclm.com\/en\/politica-de-privacidad\/#breadcrumb\",\"itemListElement\":[{\"@type\":\"ListItem\",\"position\":1,\"name\":\"Home\",\"item\":\"https:\/\/www.industrialclm.com\/\"},{\"@type\":\"ListItem\",\"position\":2,\"name\":\"Pol\u00edtica de Privacidad\"}]},{\"@type\":\"WebSite\",\"@id\":\"https:\/\/www.industrialclm.com\/en\/#website\",\"url\":\"https:\/\/www.industrialclm.com\/en\/\",\"name\":\"Industrial\",\"description\":\"Industrial business directory\",\"publisher\":{\"@id\":\"https:\/\/www.industrialclm.com\/en\/#organization\"},\"potentialAction\":[{\"@type\":\"SearchAction\",\"target\":{\"@type\":\"EntryPoint\",\"urlTemplate\":\"https:\/\/www.industrialclm.com\/en\/?s={search_term_string}\"},\"query-input\":{\"@type\":\"PropertyValueSpecification\",\"valueRequired\":true,\"valueName\":\"search_term_string\"}}],\"inLanguage\":\"ro-RO\"},{\"@type\":\"Organization\",\"@id\":\"https:\/\/www.industrialclm.com\/en\/#organization\",\"name\":\"Industrial\",\"url\":\"https:\/\/www.industrialclm.com\/en\/\",\"logo\":{\"@type\":\"ImageObject\",\"inLanguage\":\"ro-RO\",\"@id\":\"https:\/\/www.industrialclm.com\/en\/#\/schema\/logo\/image\/\",\"url\":\"https:\/\/www.industrialclm.com\/wp-content\/uploads\/2021\/03\/logo_ipex_.png\",\"contentUrl\":\"https:\/\/www.industrialclm.com\/wp-content\/uploads\/2021\/03\/logo_ipex_.png\",\"width\":1934,\"height\":571,\"caption\":\"Industrial\"},\"image\":{\"@id\":\"https:\/\/www.industrialclm.com\/en\/#\/schema\/logo\/image\/\"}}]}<\/script>\n<!-- \/ Yoast SEO plugin. -->","yoast_head_json":{"title":"Pol\u00edtica de Privacidad - Industrial","robots":{"index":"index","follow":"follow","max-snippet":"max-snippet:-1","max-image-preview":"max-image-preview:large","max-video-preview":"max-video-preview:-1"},"canonical":"https:\/\/www.industrialclm.com\/en\/politica-de-privacidad\/","og_locale":"ro_RO","og_type":"article","og_title":"Pol\u00edtica de Privacidad - Industrial","og_description":"Pol\u00edtica de Privacidad\u00a0 Los datos personales aportados a trav\u00e9s de este portal se encuentran incluidos en tratamientos cuyos responsables son los \u00f3rganos gestores de esta Administraci\u00f3n y que forman parte del Registro de Actividades de Tratamiento de la Junta de Comunidades de Castilla-La Mancha.Estos datos se recogen a trav\u00e9s de diferentes formularios que contienen exclusivamente [&hellip;]","og_url":"https:\/\/www.industrialclm.com\/en\/politica-de-privacidad\/","og_site_name":"Industrial","article_modified_time":"2022-03-21T15:44:07+00:00","twitter_card":"summary_large_image","schema":{"@context":"https:\/\/schema.org","@graph":[{"@type":"WebPage","@id":"https:\/\/www.industrialclm.com\/en\/politica-de-privacidad\/","url":"https:\/\/www.industrialclm.com\/en\/politica-de-privacidad\/","name":"Pol\u00edtica de Privacidad - Industrial","isPartOf":{"@id":"https:\/\/www.industrialclm.com\/en\/#website"},"datePublished":"2020-10-27T16:04:47+00:00","dateModified":"2022-03-21T15:44:07+00:00","breadcrumb":{"@id":"https:\/\/www.industrialclm.com\/en\/politica-de-privacidad\/#breadcrumb"},"inLanguage":"ro-RO","potentialAction":[{"@type":"ReadAction","target":["https:\/\/www.industrialclm.com\/en\/politica-de-privacidad\/"]}]},{"@type":"BreadcrumbList","@id":"https:\/\/www.industrialclm.com\/en\/politica-de-privacidad\/#breadcrumb","itemListElement":[{"@type":"ListItem","position":1,"name":"Home","item":"https:\/\/www.industrialclm.com\/"},{"@type":"ListItem","position":2,"name":"Pol\u00edtica de Privacidad"}]},{"@type":"WebSite","@id":"https:\/\/www.industrialclm.com\/en\/#website","url":"https:\/\/www.industrialclm.com\/en\/","name":"Industrial","description":"Industrial business directory","publisher":{"@id":"https:\/\/www.industrialclm.com\/en\/#organization"},"potentialAction":[{"@type":"SearchAction","target":{"@type":"EntryPoint","urlTemplate":"https:\/\/www.industrialclm.com\/en\/?s={search_term_string}"},"query-input":{"@type":"PropertyValueSpecification","valueRequired":true,"valueName":"search_term_string"}}],"inLanguage":"ro-RO"},{"@type":"Organization","@id":"https:\/\/www.industrialclm.com\/en\/#organization","name":"Industrial","url":"https:\/\/www.industrialclm.com\/en\/","logo":{"@type":"ImageObject","inLanguage":"ro-RO","@id":"https:\/\/www.industrialclm.com\/en\/#\/schema\/logo\/image\/","url":"https:\/\/www.industrialclm.com\/wp-content\/uploads\/2021\/03\/logo_ipex_.png","contentUrl":"https:\/\/www.industrialclm.com\/wp-content\/uploads\/2021\/03\/logo_ipex_.png","width":1934,"height":571,"caption":"Industrial"},"image":{"@id":"https:\/\/www.industrialclm.com\/en\/#\/schema\/logo\/image\/"}}]}},"uagb_featured_image_src":{"full":false,"thumbnail":false,"medium":false,"medium_large":false,"large":false,"1536x1536":false,"2048x2048":false},"uagb_author_info":{"display_name":"Admin IPEX","author_link":"https:\/\/www.industrialclm.com\/ro\/author\/administrador\/"},"uagb_comment_info":0,"uagb_excerpt":"Pol\u00edtica de Privacidad\u00a0 Los datos personales aportados a trav\u00e9s de este portal se encuentran incluidos en tratamientos cuyos responsables son los \u00f3rganos gestores de esta Administraci\u00f3n y que forman parte del Registro de Actividades de Tratamiento de la Junta de Comunidades de Castilla-La Mancha.Estos datos se recogen a trav\u00e9s de diferentes formularios que contienen exclusivamente&hellip;","_links":{"self":[{"href":"https:\/\/www.industrialclm.com\/ro\/wp-json\/wp\/v2\/pages\/464","targetHints":{"allow":["GET"]}}],"collection":[{"href":"https:\/\/www.industrialclm.com\/ro\/wp-json\/wp\/v2\/pages"}],"about":[{"href":"https:\/\/www.industrialclm.com\/ro\/wp-json\/wp\/v2\/types\/page"}],"author":[{"embeddable":true,"href":"https:\/\/www.industrialclm.com\/ro\/wp-json\/wp\/v2\/users\/1"}],"replies":[{"embeddable":true,"href":"https:\/\/www.industrialclm.com\/ro\/wp-json\/wp\/v2\/comments?post=464"}],"version-history":[{"count":21,"href":"https:\/\/www.industrialclm.com\/ro\/wp-json\/wp\/v2\/pages\/464\/revisions"}],"predecessor-version":[{"id":7866,"href":"https:\/\/www.industrialclm.com\/ro\/wp-json\/wp\/v2\/pages\/464\/revisions\/7866"}],"wp:attachment":[{"href":"https:\/\/www.industrialclm.com\/ro\/wp-json\/wp\/v2\/media?parent=464"}],"wp:term":[{"taxonomy":"category","embeddable":true,"href":"https:\/\/www.industrialclm.com\/ro\/wp-json\/wp\/v2\/categories?post=464"},{"taxonomy":"zona-de-exportacion","embeddable":true,"href":"https:\/\/www.industrialclm.com\/ro\/wp-json\/wp\/v2\/zona-de-exportacion?post=464"}],"curies":[{"name":"wp","href":"https:\/\/api.w.org\/{rel}","templated":true}]}}