{"id":7485,"date":"2022-01-25T11:47:10","date_gmt":"2022-01-25T10:47:10","guid":{"rendered":"https:\/\/www.industrialclm.com\/?page_id=7485"},"modified":"2022-01-31T11:41:44","modified_gmt":"2022-01-31T10:41:44","slug":"registrarse","status":"publish","type":"page","link":"https:\/\/www.industrialclm.com\/fr\/registrarse\/","title":{"rendered":"Registro"},"content":{"rendered":"\t\t<div data-elementor-type=\"wp-page\" data-elementor-id=\"7485\" class=\"elementor elementor-7485\" data-elementor-post-type=\"page\">\n\t\t\t\t\t\t<section class=\"elementor-section elementor-top-section elementor-element elementor-element-7d68651d elementor-section-content-middle elementor-section-full_width elementor-section-stretched elementor-section-height-default elementor-section-height-default\" data-id=\"7d68651d\" data-element_type=\"section\" data-e-type=\"section\" data-settings=\"{&quot;background_background&quot;:&quot;classic&quot;,&quot;stretch_section&quot;:&quot;section-stretched&quot;}\">\n\t\t\t\t\t\t\t<div class=\"elementor-background-overlay\"><\/div>\n\t\t\t\t\t\t\t<div class=\"elementor-container elementor-column-gap-no\">\n\t\t\t\t\t<div class=\"elementor-column elementor-col-100 elementor-top-column elementor-element elementor-element-405498f9\" data-id=\"405498f9\" data-element_type=\"column\" data-e-type=\"column\">\n\t\t\t<div class=\"elementor-widget-wrap elementor-element-populated\">\n\t\t\t\t\t\t<div class=\"elementor-element elementor-element-54d1521b elementor-widget elementor-widget-heading\" data-id=\"54d1521b\" data-element_type=\"widget\" data-e-type=\"widget\" data-widget_type=\"heading.default\">\n\t\t\t\t<div class=\"elementor-widget-container\">\n\t\t\t\t\t<h1 class=\"elementor-heading-title elementor-size-default\">Bienvenido<\/h1>\t\t\t\t<\/div>\n\t\t\t\t<\/div>\n\t\t\t\t<div class=\"elementor-element elementor-element-36816f81 elementor-widget elementor-widget-heading\" data-id=\"36816f81\" data-element_type=\"widget\" data-e-type=\"widget\" data-widget_type=\"heading.default\">\n\t\t\t\t<div class=\"elementor-widget-container\">\n\t\t\t\t\t<h5 class=\"elementor-heading-title elementor-size-default\">directorio de empresas del sector industral de castilla - la mancha<\/h5>\t\t\t\t<\/div>\n\t\t\t\t<\/div>\n\t\t\t\t\t<\/div>\n\t\t<\/div>\n\t\t\t\t\t<\/div>\n\t\t<\/section>\n\t\t\t\t<section class=\"elementor-section elementor-top-section elementor-element elementor-element-f2d5249 elementor-section-boxed elementor-section-height-default elementor-section-height-default\" data-id=\"f2d5249\" data-element_type=\"section\" data-e-type=\"section\">\n\t\t\t\t\t\t<div class=\"elementor-container elementor-column-gap-default\">\n\t\t\t\t\t<div class=\"elementor-column elementor-col-100 elementor-top-column elementor-element elementor-element-f98f1ef\" data-id=\"f98f1ef\" data-element_type=\"column\" data-e-type=\"column\">\n\t\t\t<div class=\"elementor-widget-wrap elementor-element-populated\">\n\t\t\t\t\t\t<div class=\"elementor-element elementor-element-de9f4d6 elementor-widget elementor-widget-text-editor\" data-id=\"de9f4d6\" data-element_type=\"widget\" data-e-type=\"widget\" data-widget_type=\"text-editor.default\">\n\t\t\t\t<div class=\"elementor-widget-container\">\n\t\t\t\t\t\t\t\t\t<h2>\u00a1Registrate en Industrial Castilla-La Mancha!<\/h2><p><span style=\"font-size: 16px; font-style: normal; font-weight: 400;\">En esta secci\u00f3n las empresas disponen de una plataforma de encuentro donde localizar proveedores, productos, lanzamientos de ofertas o demandas comerciales. Tanto si eres una empresa de Castilla-La Mancha que quieres formar parte del directorio, como s<\/span><span style=\"font-size: 16px; font-style: normal; font-weight: 400;\">i eres una empresa extranjera, importador, distribuidor u otra figura que busca productos de la regi\u00f3n, por favor, reg\u00edstrate rellenando el siguiente formulario o accede a tu \u00e1rea privada para contactar con empresas del sector.<\/span><\/p>\t\t\t\t\t\t\t\t<\/div>\n\t\t\t\t<\/div>\n\t\t\t\t<section class=\"elementor-section elementor-inner-section elementor-element elementor-element-086d33f elementor-section-boxed elementor-section-height-default elementor-section-height-default\" data-id=\"086d33f\" data-element_type=\"section\" data-e-type=\"section\">\n\t\t\t\t\t\t<div class=\"elementor-container elementor-column-gap-default\">\n\t\t\t\t\t<div class=\"elementor-column elementor-col-50 elementor-inner-column elementor-element elementor-element-8611ced\" data-id=\"8611ced\" data-element_type=\"column\" data-e-type=\"column\">\n\t\t\t<div class=\"elementor-widget-wrap elementor-element-populated\">\n\t\t\t\t\t\t<div class=\"elementor-element elementor-element-037b59a elementor-cta--skin-cover elementor-animated-content elementor-bg-transform elementor-bg-transform-zoom-in elementor-widget elementor-widget-call-to-action\" data-id=\"037b59a\" data-element_type=\"widget\" data-e-type=\"widget\" data-widget_type=\"call-to-action.default\">\n\t\t\t\t<div class=\"elementor-widget-container\">\n\t\t\t\t\t\t\t<div class=\"elementor-cta\">\n\t\t\t\t\t<div class=\"elementor-cta__bg-wrapper\">\n\t\t\t\t<div class=\"elementor-cta__bg elementor-bg\" style=\"background-image: url(https:\/\/www.industrialclm.com\/wp-content\/uploads\/2021\/03\/industrial3.jpg);\" role=\"img\" aria-label=\"industrial3\"><\/div>\n\t\t\t\t<div class=\"elementor-cta__bg-overlay\"><\/div>\n\t\t\t<\/div>\n\t\t\t\t\t\t\t<div class=\"elementor-cta__content\">\n\t\t\t\t\n\t\t\t\t\t\t\t\t\t<h2 class=\"elementor-cta__title elementor-cta__content-item elementor-content-item elementor-animated-item--grow\">\n\t\t\t\t\t\tSoy empresa de Castilla-La Mancha\t\t\t\t\t<\/h2>\n\t\t\t\t\n\t\t\t\t\n\t\t\t\t\t\t\t\t\t<div class=\"elementor-cta__button-wrapper elementor-cta__content-item elementor-content-item elementor-animated-item--grow\">\n\t\t\t\t\t<a class=\"elementor-cta__button elementor-button elementor-size-\" href=\"https:\/\/www.industrialclm.com\/registro-de-usuarios\/\">\n\t\t\t\t\t\tRegistrarse\t\t\t\t\t<\/a>\n\t\t\t\t\t<\/div>\n\t\t\t\t\t\t\t<\/div>\n\t\t\t\t\t\t<\/div>\n\t\t\t\t\t\t<\/div>\n\t\t\t\t<\/div>\n\t\t\t\t\t<\/div>\n\t\t<\/div>\n\t\t\t\t<div class=\"elementor-column elementor-col-50 elementor-inner-column elementor-element elementor-element-646633d\" data-id=\"646633d\" data-element_type=\"column\" data-e-type=\"column\">\n\t\t\t<div class=\"elementor-widget-wrap elementor-element-populated\">\n\t\t\t\t\t\t<div class=\"elementor-element elementor-element-288c4fa elementor-cta--skin-cover elementor-animated-content elementor-bg-transform elementor-bg-transform-zoom-in elementor-widget elementor-widget-call-to-action\" data-id=\"288c4fa\" data-element_type=\"widget\" data-e-type=\"widget\" data-widget_type=\"call-to-action.default\">\n\t\t\t\t<div class=\"elementor-widget-container\">\n\t\t\t\t\t\t\t<div class=\"elementor-cta\">\n\t\t\t\t\t<div class=\"elementor-cta__bg-wrapper\">\n\t\t\t\t<div class=\"elementor-cta__bg elementor-bg\" style=\"background-image: url(https:\/\/www.industrialclm.com\/wp-content\/uploads\/2021\/03\/industrial3.jpg);\" role=\"img\" aria-label=\"industrial3\"><\/div>\n\t\t\t\t<div class=\"elementor-cta__bg-overlay\"><\/div>\n\t\t\t<\/div>\n\t\t\t\t\t\t\t<div class=\"elementor-cta__content\">\n\t\t\t\t\n\t\t\t\t\t\t\t\t\t<h2 class=\"elementor-cta__title elementor-cta__content-item elementor-content-item elementor-animated-item--grow\">\n\t\t\t\t\t\tQuiero contactar con empresas de la regi\u00f3n\t\t\t\t\t<\/h2>\n\t\t\t\t\n\t\t\t\t\n\t\t\t\t\t\t\t\t\t<div class=\"elementor-cta__button-wrapper elementor-cta__content-item elementor-content-item elementor-animated-item--grow\">\n\t\t\t\t\t<a class=\"elementor-cta__button elementor-button elementor-size-\" href=\"https:\/\/www.industrialclm.com\/registro\/\">\n\t\t\t\t\t\tRegistrarse\t\t\t\t\t<\/a>\n\t\t\t\t\t<\/div>\n\t\t\t\t\t\t\t<\/div>\n\t\t\t\t\t\t<\/div>\n\t\t\t\t\t\t<\/div>\n\t\t\t\t<\/div>\n\t\t\t\t\t<\/div>\n\t\t<\/div>\n\t\t\t\t\t<\/div>\n\t\t<\/section>\n\t\t\t\t\t<\/div>\n\t\t<\/div>\n\t\t\t\t\t<\/div>\n\t\t<\/section>\n\t\t\t\t<\/div>\n\t\t","protected":false},"excerpt":{"rendered":"<p>Bienvenido directorio de empresas del sector industral de castilla &#8211; la mancha \u00a1Registrate en Industrial Castilla-La Mancha! En esta secci\u00f3n las empresas disponen de una plataforma de encuentro donde localizar proveedores, productos, lanzamientos de ofertas o demandas comerciales. Tanto si eres una empresa de Castilla-La Mancha que quieres formar parte del directorio, como si eres [&hellip;]<\/p>\n","protected":false},"author":6,"featured_media":0,"parent":0,"menu_order":0,"comment_status":"closed","ping_status":"closed","template":"","meta":{"_uag_custom_page_level_css":"","site-sidebar-layout":"no-sidebar","site-content-layout":"page-builder","ast-site-content-layout":"default","site-content-style":"default","site-sidebar-style":"default","ast-global-header-display":"","ast-banner-title-visibility":"","ast-main-header-display":"","ast-hfb-above-header-display":"","ast-hfb-below-header-display":"","ast-hfb-mobile-header-display":"","site-post-title":"disabled","ast-breadcrumbs-content":"","ast-featured-img":"disabled","footer-sml-layout":"","ast-disable-related-posts":"","theme-transparent-header-meta":"","adv-header-id-meta":"","stick-header-meta":"","header-above-stick-meta":"","header-main-stick-meta":"","header-below-stick-meta":"","astra-migrate-meta-layouts":"default","ast-page-background-enabled":"default","ast-page-background-meta":{"desktop":{"background-color":"","background-image":"","background-repeat":"repeat","background-position":"center center","background-size":"auto","background-attachment":"scroll","background-type":"","background-media":"","overlay-type":"","overlay-color":"","overlay-opacity":"","overlay-gradient":""},"tablet":{"background-color":"","background-image":"","background-repeat":"repeat","background-position":"center center","background-size":"auto","background-attachment":"scroll","background-type":"","background-media":"","overlay-type":"","overlay-color":"","overlay-opacity":"","overlay-gradient":""},"mobile":{"background-color":"","background-image":"","background-repeat":"repeat","background-position":"center center","background-size":"auto","background-attachment":"scroll","background-type":"","background-media":"","overlay-type":"","overlay-color":"","overlay-opacity":"","overlay-gradient":""}},"ast-content-background-meta":{"desktop":{"background-color":"var(--ast-global-color-5)","background-image":"","background-repeat":"repeat","background-position":"center center","background-size":"auto","background-attachment":"scroll","background-type":"","background-media":"","overlay-type":"","overlay-color":"","overlay-opacity":"","overlay-gradient":""},"tablet":{"background-color":"var(--ast-global-color-5)","background-image":"","background-repeat":"repeat","background-position":"center center","background-size":"auto","background-attachment":"scroll","background-type":"","background-media":"","overlay-type":"","overlay-color":"","overlay-opacity":"","overlay-gradient":""},"mobile":{"background-color":"var(--ast-global-color-5)","background-image":"","background-repeat":"repeat","background-position":"center center","background-size":"auto","background-attachment":"scroll","background-type":"","background-media":"","overlay-type":"","overlay-color":"","overlay-opacity":"","overlay-gradient":""}},"footnotes":""},"categories":[],"zona-de-exportacion":[],"class_list":["post-7485","page","type-page","status-publish","hentry"],"yoast_head":"<!-- This site is optimized with the Yoast SEO plugin v27.2 - https:\/\/yoast.com\/product\/yoast-seo-wordpress\/ -->\n<title>Registro - Industrial<\/title>\n<meta name=\"robots\" content=\"index, follow, max-snippet:-1, max-image-preview:large, max-video-preview:-1\" \/>\n<link rel=\"canonical\" href=\"https:\/\/www.industrialclm.com\/registrarse\/\" \/>\n<meta property=\"og:locale\" content=\"fr_FR\" \/>\n<meta property=\"og:type\" content=\"article\" \/>\n<meta property=\"og:title\" content=\"Registro - Industrial\" \/>\n<meta property=\"og:description\" content=\"Bienvenido directorio de empresas del sector industral de castilla &#8211; la mancha \u00a1Registrate en Industrial Castilla-La Mancha! En esta secci\u00f3n las empresas disponen de una plataforma de encuentro donde localizar proveedores, productos, lanzamientos de ofertas o demandas comerciales. Tanto si eres una empresa de Castilla-La Mancha que quieres formar parte del directorio, como si eres [&hellip;]\" \/>\n<meta property=\"og:url\" content=\"https:\/\/www.industrialclm.com\/registrarse\/\" \/>\n<meta property=\"og:site_name\" content=\"Industrial\" \/>\n<meta property=\"article:modified_time\" content=\"2022-01-31T10:41:44+00:00\" \/>\n<meta name=\"twitter:card\" content=\"summary_large_image\" \/>\n<script type=\"application\/ld+json\" class=\"yoast-schema-graph\">{\"@context\":\"https:\/\/schema.org\",\"@graph\":[{\"@type\":\"WebPage\",\"@id\":\"https:\/\/www.industrialclm.com\/registrarse\/\",\"url\":\"https:\/\/www.industrialclm.com\/registrarse\/\",\"name\":\"Registro - Industrial\",\"isPartOf\":{\"@id\":\"https:\/\/www.industrialclm.com\/en\/#website\"},\"datePublished\":\"2022-01-25T10:47:10+00:00\",\"dateModified\":\"2022-01-31T10:41:44+00:00\",\"breadcrumb\":{\"@id\":\"https:\/\/www.industrialclm.com\/registrarse\/#breadcrumb\"},\"inLanguage\":\"fr-FR\",\"potentialAction\":[{\"@type\":\"ReadAction\",\"target\":[\"https:\/\/www.industrialclm.com\/registrarse\/\"]}]},{\"@type\":\"BreadcrumbList\",\"@id\":\"https:\/\/www.industrialclm.com\/registrarse\/#breadcrumb\",\"itemListElement\":[{\"@type\":\"ListItem\",\"position\":1,\"name\":\"Home\",\"item\":\"https:\/\/www.industrialclm.com\/\"},{\"@type\":\"ListItem\",\"position\":2,\"name\":\"Registro\"}]},{\"@type\":\"WebSite\",\"@id\":\"https:\/\/www.industrialclm.com\/en\/#website\",\"url\":\"https:\/\/www.industrialclm.com\/en\/\",\"name\":\"Industrial\",\"description\":\"Industrial business directory\",\"publisher\":{\"@id\":\"https:\/\/www.industrialclm.com\/en\/#organization\"},\"potentialAction\":[{\"@type\":\"SearchAction\",\"target\":{\"@type\":\"EntryPoint\",\"urlTemplate\":\"https:\/\/www.industrialclm.com\/en\/?s={search_term_string}\"},\"query-input\":{\"@type\":\"PropertyValueSpecification\",\"valueRequired\":true,\"valueName\":\"search_term_string\"}}],\"inLanguage\":\"fr-FR\"},{\"@type\":\"Organization\",\"@id\":\"https:\/\/www.industrialclm.com\/en\/#organization\",\"name\":\"Industrial\",\"url\":\"https:\/\/www.industrialclm.com\/en\/\",\"logo\":{\"@type\":\"ImageObject\",\"inLanguage\":\"fr-FR\",\"@id\":\"https:\/\/www.industrialclm.com\/en\/#\/schema\/logo\/image\/\",\"url\":\"https:\/\/www.industrialclm.com\/wp-content\/uploads\/2021\/03\/logo_ipex_.png\",\"contentUrl\":\"https:\/\/www.industrialclm.com\/wp-content\/uploads\/2021\/03\/logo_ipex_.png\",\"width\":1934,\"height\":571,\"caption\":\"Industrial\"},\"image\":{\"@id\":\"https:\/\/www.industrialclm.com\/en\/#\/schema\/logo\/image\/\"}}]}<\/script>\n<!-- \/ Yoast SEO plugin. -->","yoast_head_json":{"title":"Registro - Industrial","robots":{"index":"index","follow":"follow","max-snippet":"max-snippet:-1","max-image-preview":"max-image-preview:large","max-video-preview":"max-video-preview:-1"},"canonical":"https:\/\/www.industrialclm.com\/registrarse\/","og_locale":"fr_FR","og_type":"article","og_title":"Registro - Industrial","og_description":"Bienvenido directorio de empresas del sector industral de castilla &#8211; la mancha \u00a1Registrate en Industrial Castilla-La Mancha! En esta secci\u00f3n las empresas disponen de una plataforma de encuentro donde localizar proveedores, productos, lanzamientos de ofertas o demandas comerciales. Tanto si eres una empresa de Castilla-La Mancha que quieres formar parte del directorio, como si eres [&hellip;]","og_url":"https:\/\/www.industrialclm.com\/registrarse\/","og_site_name":"Industrial","article_modified_time":"2022-01-31T10:41:44+00:00","twitter_card":"summary_large_image","schema":{"@context":"https:\/\/schema.org","@graph":[{"@type":"WebPage","@id":"https:\/\/www.industrialclm.com\/registrarse\/","url":"https:\/\/www.industrialclm.com\/registrarse\/","name":"Registro - Industrial","isPartOf":{"@id":"https:\/\/www.industrialclm.com\/en\/#website"},"datePublished":"2022-01-25T10:47:10+00:00","dateModified":"2022-01-31T10:41:44+00:00","breadcrumb":{"@id":"https:\/\/www.industrialclm.com\/registrarse\/#breadcrumb"},"inLanguage":"fr-FR","potentialAction":[{"@type":"ReadAction","target":["https:\/\/www.industrialclm.com\/registrarse\/"]}]},{"@type":"BreadcrumbList","@id":"https:\/\/www.industrialclm.com\/registrarse\/#breadcrumb","itemListElement":[{"@type":"ListItem","position":1,"name":"Home","item":"https:\/\/www.industrialclm.com\/"},{"@type":"ListItem","position":2,"name":"Registro"}]},{"@type":"WebSite","@id":"https:\/\/www.industrialclm.com\/en\/#website","url":"https:\/\/www.industrialclm.com\/en\/","name":"Industrial","description":"Industrial business directory","publisher":{"@id":"https:\/\/www.industrialclm.com\/en\/#organization"},"potentialAction":[{"@type":"SearchAction","target":{"@type":"EntryPoint","urlTemplate":"https:\/\/www.industrialclm.com\/en\/?s={search_term_string}"},"query-input":{"@type":"PropertyValueSpecification","valueRequired":true,"valueName":"search_term_string"}}],"inLanguage":"fr-FR"},{"@type":"Organization","@id":"https:\/\/www.industrialclm.com\/en\/#organization","name":"Industrial","url":"https:\/\/www.industrialclm.com\/en\/","logo":{"@type":"ImageObject","inLanguage":"fr-FR","@id":"https:\/\/www.industrialclm.com\/en\/#\/schema\/logo\/image\/","url":"https:\/\/www.industrialclm.com\/wp-content\/uploads\/2021\/03\/logo_ipex_.png","contentUrl":"https:\/\/www.industrialclm.com\/wp-content\/uploads\/2021\/03\/logo_ipex_.png","width":1934,"height":571,"caption":"Industrial"},"image":{"@id":"https:\/\/www.industrialclm.com\/en\/#\/schema\/logo\/image\/"}}]}},"uagb_featured_image_src":{"full":false,"thumbnail":false,"medium":false,"medium_large":false,"large":false,"1536x1536":false,"2048x2048":false},"uagb_author_info":{"display_name":"Industrial IPEX","author_link":"https:\/\/www.industrialclm.com\/fr\/author\/administradoripex\/"},"uagb_comment_info":0,"uagb_excerpt":"Bienvenido directorio de empresas del sector industral de castilla &#8211; la mancha \u00a1Registrate en Industrial Castilla-La Mancha! En esta secci\u00f3n las empresas disponen de una plataforma de encuentro donde localizar proveedores, productos, lanzamientos de ofertas o demandas comerciales. Tanto si eres una empresa de Castilla-La Mancha que quieres formar parte del directorio, como si eres\u2026","_links":{"self":[{"href":"https:\/\/www.industrialclm.com\/fr\/wp-json\/wp\/v2\/pages\/7485","targetHints":{"allow":["GET"]}}],"collection":[{"href":"https:\/\/www.industrialclm.com\/fr\/wp-json\/wp\/v2\/pages"}],"about":[{"href":"https:\/\/www.industrialclm.com\/fr\/wp-json\/wp\/v2\/types\/page"}],"author":[{"embeddable":true,"href":"https:\/\/www.industrialclm.com\/fr\/wp-json\/wp\/v2\/users\/6"}],"replies":[{"embeddable":true,"href":"https:\/\/www.industrialclm.com\/fr\/wp-json\/wp\/v2\/comments?post=7485"}],"version-history":[{"count":14,"href":"https:\/\/www.industrialclm.com\/fr\/wp-json\/wp\/v2\/pages\/7485\/revisions"}],"predecessor-version":[{"id":18056,"href":"https:\/\/www.industrialclm.com\/fr\/wp-json\/wp\/v2\/pages\/7485\/revisions\/18056"}],"wp:attachment":[{"href":"https:\/\/www.industrialclm.com\/fr\/wp-json\/wp\/v2\/media?parent=7485"}],"wp:term":[{"taxonomy":"category","embeddable":true,"href":"https:\/\/www.industrialclm.com\/fr\/wp-json\/wp\/v2\/categories?post=7485"},{"taxonomy":"zona-de-exportacion","embeddable":true,"href":"https:\/\/www.industrialclm.com\/fr\/wp-json\/wp\/v2\/zona-de-exportacion?post=7485"}],"curies":[{"name":"wp","href":"https:\/\/api.w.org\/{rel}","templated":true}]}}