{"id":466,"date":"2020-10-27T18:05:10","date_gmt":"2020-10-27T16:05:10","guid":{"rendered":"http:\/\/www.industrialclm.com\/?page_id=466"},"modified":"2021-09-21T17:25:28","modified_gmt":"2021-09-21T15:25:28","slug":"aviso-legal","status":"publish","type":"page","link":"https:\/\/www.industrialclm.com\/bg\/aviso-legal\/","title":{"rendered":"Aviso legal"},"content":{"rendered":"\n<div class=\"wp-block-toolset-blocks-grid tb-grid\" data-toolset-blocks-grid=\"6daa06a6c0d242d7dc635b023e539ba0\">\n<div class=\"wp-block-toolset-blocks-grid-column tb-grid-column tb-grid-align-top\" data-toolset-blocks-grid-column=\"3034fbe886c11054e95b46b09d3e4112\"><\/div>\n\n\n\n<div class=\"wp-block-toolset-blocks-grid-column tb-grid-column tb-grid-align-top\" data-toolset-blocks-grid-column=\"3034fbe886c11054e95b46b09d3e4112\">\n<div class=\"wp-block-group is-layout-flow wp-block-group-is-layout-flow\"><div class=\"wp-block-group__inner-container\">\n<div class=\"wp-block-columns is-layout-flex wp-container-core-columns-is-layout-28f84493 wp-block-columns-is-layout-flex\">\n<div class=\"wp-block-column is-layout-flow wp-block-column-is-layout-flow\" style=\"flex-basis:100%\">\n<div class=\"wp-block-toolset-blocks-container tb-container\" data-toolset-blocks-container=\"bdd4b4782f2d563d4160c03f57a91bca\">\n<h1 class=\"tb-heading\" data-toolset-blocks-heading=\"84b8e5002a62284a67da6056de235363\" data-last-update=\"1.4\">Aviso Legal<\/h1>\n\n\n\n<p><strong>IDENTIFICACI\u00d3N DEL TITULAR<\/strong><strong><\/strong><\/p>\n\n\n\n<p>Las presentes condiciones regulan el uso permitido de la p\u00e1gina con URL https:\/\/www.IPEX.es (en adelante WEB), titularidad de IPEX Integraci\u00f3n S.L. (en adelante IPEX INTEGRACI\u00d3N) con CIF B-80802374, domicilio en P\u00ba Club Deportivo, 1 Ed. 4, Planta 1\u00aa 28223, Pozuelo de Alarc\u00f3n, Madrid Espa\u00f1a.<\/p>\n\n\n\n<p><strong>ACCESO Y ACEPTACI\u00d3N<\/strong><strong><\/strong><\/p>\n\n\n\n<p>Estas condiciones regulan el acceso y utilizaci\u00f3n del sitio WEB que IPEX INTEGRACI\u00d3N pone a disposici\u00f3n de los usuarios de Internet. El acceso al mismo implica la aceptaci\u00f3n plena y sin reservas de todas y cada una de las condiciones incluidas en este Aviso Legal, en la versi\u00f3n publicada en el momento en que se acceda al mismo, y atribuyen al navegante la condici\u00f3n de usuario (en adelante USUARIO).<\/p>\n\n\n\n<p>La utilizaci\u00f3n de determinados servicios y acceso a informaci\u00f3n ofrecidos en este sitio se regir\u00e1 adem\u00e1s, por las condiciones particulares establecidas en cada caso y que el USUARIO habr\u00e1 de aceptar previamente y de forma expl\u00edcita al otorgamiento del servicio o acceso a la Informaci\u00f3n. Para lo no establecido en dichas condiciones legales ser\u00e1 de aplicaci\u00f3n lo incluido en el presente Aviso Legal.<\/p>\n\n\n\n<p>Para acceder a la informaci\u00f3n contenida en el sitio web y hacer uso de los servicios ofrecidos, los menores de edad deben obtener previamente permiso de sus padres, tutores o representantes legales.<\/p>\n\n\n\n<p>Se recomienda al USUARIO leer las condiciones generales que regulan el uso de esta WEB cada vez que acceda a la misma.<br>IPEX INTEGRACI\u00d3N se reserva el derecho a modificar o eliminar unilateralmente en cualquier momento y sin preaviso, la configuraci\u00f3n, servicios, contenidos y condiciones de la WEB.<\/p>\n\n\n\n<p><strong>RESPONSABILIDAD<\/strong><strong><\/strong><\/p>\n\n\n\n<p>El acceso y uso de la WEB por los USUARIOS es gratuito, sin previa autorizaci\u00f3n, suscripci\u00f3n o registro.<\/p>\n\n\n\n<p>El acceso y uso de esta WEB no implica ninguna obligaci\u00f3n sobre la calidad y velocidad del acceso por parte de IPEX INTEGRACI\u00d3N, que podr\u00e1 modificar las condiciones de acceso o suspender el acceso a la web, o parte de la web, sin previo aviso, no responsabiliz\u00e1ndose de las consecuencias, da\u00f1os y perjuicios ocasionados por la modificaci\u00f3n del acceso y la suspensi\u00f3n de la WEB.<\/p>\n\n\n\n<p>Tampoco ser\u00e1 responsable IPEX INTEGRACI\u00d3N de ninguna anomal\u00eda, mal funcionamiento, deterioro, borrado de datos o software que se produzca en los equipos o sistemas de los USUARIOS, como consecuencia directa o indirecta del acceso o intento de acceso a la WEB.<\/p>\n\n\n\n<p>IPEX INTEGRACI\u00d3N por su parte declina toda responsabilidad que se derive del intercambio de informaci\u00f3n entre usuarios a trav\u00e9s de su p\u00e1gina web, foros o blog abiertos por la misma. La responsabilidad de las manifestaciones difundidas en estos sitios corresponde a quienes las realizan. En este sentido, los usuarios de la p\u00e1gina web de IPEX INTEGRACI\u00d3N, foros o blog, se obligan a utilizarlas con respeto a las leyes, las condiciones legales aplicables al servicio concreto y a los usos de tr\u00e1fico, respondiendo frente a IPEX INTEGRACI\u00d3N o frente a terceros, de cualesquiera da\u00f1os y perjuicios que puedan ocasionarse como consecuencia del incumplimiento de las citadas obligaciones.<\/p>\n\n\n\n<p>En caso de que el USUARIO considere que existen contenidos en esta p\u00e1gina WEB, Foros o Blog que puedan tener la consideraci\u00f3n de il\u00edcitos o puedan afectar los derechos de terceros, deber\u00e1 comunicarlo a la direcci\u00f3n de correo electr\u00f3nico contacto@IPEX.es . Esta direcci\u00f3n electr\u00f3nica est\u00e1 protegida contra spambots. Es necesario activar Javascript para visualizarla indicando los datos personales de contacto del reclamante, explicando de forma detallada el contenido objeto de reclamaci\u00f3n y el motivo de la misma.<\/p>\n\n\n\n<p><strong>CONTENIDOS<\/strong><strong><\/strong><\/p>\n\n\n\n<p>Los contenidos de la web tienen como finalidad informar y dar a conocer las actividades, productos y servicios prestados por IPEX INTEGRACI\u00d3N y tienen un car\u00e1cter general y orientativo, no siendo vinculantes para IPEX INTEGRACI\u00d3N.<\/p>\n\n\n\n<p>IPEX INTEGRACI\u00d3N podr\u00e1 modificar los contenidos sin previo aviso, as\u00ed como suprimir y cambiar \u00e9stos dentro de la web, como la forma en que se accede a \u00e9stos, sin justificaci\u00f3n alguna y libremente, no responsabiliz\u00e1ndose de las consecuencias que los mismos puedan ocasionar al USUARIO.<\/p>\n\n\n\n<p>Se proh\u00edbe el uso de los contenidos de la web para promocionar, contratar o divulgar publicidad o informaci\u00f3n propia o de terceras personas sin la autorizaci\u00f3n de IPEX INTEGRACI\u00d3N, ni remitir publicidad o informaci\u00f3n vali\u00e9ndose para ello de los servicios o informaci\u00f3n que se ponen a disposici\u00f3n del USUARIO, independientemente de si la utilizaci\u00f3n es gratuita o no.<\/p>\n\n\n\n<p>Todo enlace de terceros a la WEB debe serlo a su p\u00e1gina principal, quedando expresamente prohibidos links profundos, el framming y cualquier otro aprovechamiento de los contenidos de la web, a favor de terceros no autorizados expresamente.<\/p>\n\n\n\n<p>La funci\u00f3n de los enlaces o hiperenlaces que aparecen en este sitio WEB es exclusivamente la de informar al USUARIO sobre la existencia de otras fuentes de informaci\u00f3n sobre la materia en Internet, donde podr\u00e1 ampliar los datos ofrecidos en esta WEB. Dichos enlaces no suponen una sugerencia, invitaci\u00f3n o recomendaci\u00f3n para la visita de los lugares de destino, y por ello, IPEX INTEGRACI\u00d3N no ser\u00e1 responsable del resultado obtenido a trav\u00e9s de dichos enlaces.<\/p>\n\n\n\n<p>Se proh\u00edbe utilizar logotipos, marcas comerciales o cualquier otro gr\u00e1fico propiedad de IPEX INTEGRACI\u00d3N como parte de un enlace sin permiso expreso y por escrito.<\/p>\n\n\n\n<p>En ning\u00fan caso, la existencia de sitios enlazados, denominaciones o marcas de terceros debe presuponer la existencia de acuerdos con los responsables o titulares de los mismos, ni la recomendaci\u00f3n, promoci\u00f3n o identificaci\u00f3n de IPEX INTEGRACI\u00d3N con las manifestaciones, contenidos o servicios provistos por \u00e9stos.<\/p>\n\n\n\n<p><strong>PROPIEDAD INTELECTUAL<\/strong><strong><\/strong><\/p>\n\n\n\n<p>Todos los contenidos de este sitio WEB, entendiendo por estos a t\u00edtulo meramente enunciativo los \u00edndices, textos, fotograf\u00edas, gr\u00e1ficos, im\u00e1genes, iconos, tecnolog\u00eda, links y dem\u00e1s contenidos audiovisuales o sonoros, as\u00ed como su dise\u00f1o gr\u00e1fico y c\u00f3digos fuente est\u00e1n protegidos por la legislaci\u00f3n espa\u00f1ola sobre los derechos de propiedad intelectual e industrial a favor de IPEX INTEGRACI\u00d3N. La reproducci\u00f3n total o parcial, distribuci\u00f3n, cesi\u00f3n, comunicaci\u00f3n p\u00fablica, transformaci\u00f3n o cualquier otro acto que no haya sido expresamente autorizado por el titular de los derechos de explotaci\u00f3n quedan prohibidos.<\/p>\n\n\n\n<p>Asimismo, y sin perjuicio de lo anteriormente citado, el contenido de este Sitio WEB tambi\u00e9n tiene la consideraci\u00f3n de programa de ordenador y le es de aplicaci\u00f3n toda la normativa espa\u00f1ola y comunitaria europea vigente sobre la materia. Queda expresamente prohibida la reproducci\u00f3n total o parcial de este Sitio WEB ni de cualquiera de sus contenidos sin el permiso expreso y por escrito de IPEX INTEGRACI\u00d3N.<\/p>\n\n\n\n<p>Los USUARIOS deber\u00e1n abstenerse de obtener e incluso de intentar obtener los contenidos, empleando para ello medios o procedimientos distintos de los que, seg\u00fan los casos, se hayan puesto a su disposici\u00f3n a este efecto o se hayan indicado en las p\u00e1ginas web donde se encuentren los mismos.<\/p>\n\n\n\n<p><strong>LEGISLACI\u00d3N Y JURISDICCI\u00d3N APLICABLE<\/strong><strong><\/strong><\/p>\n\n\n\n<p>Los t\u00e9rminos y condiciones que rigen este web site, as\u00ed como las relaciones que pudieran derivarse, est\u00e1n protegidas y quedan sujetas a la legislaci\u00f3n espa\u00f1ola.<\/p>\n\n\n\n<p>Para la resoluci\u00f3n de cualquier cuesti\u00f3n litigiosa o discrepancia, que surja en relaci\u00f3n con las obligaciones de cada parte derivadas de estas condiciones, o en relaci\u00f3n con la interpretaci\u00f3n, cumplimiento, incumplimiento y ejecuci\u00f3n de cualesquiera cl\u00e1usulas del mismo, si no se soluciona por mutuo acuerdo, se someter\u00e1n a la jurisdicci\u00f3n de los Tribunales de San Sebasti\u00e1n capital, con renuncia expresa a cualquier otro fuero que pudiera corresponderles.<\/p>\n\n\n\n<p><\/p>\n<\/div>\n<\/div>\n<\/div>\n<\/div><\/div>\n<\/div>\n\n\n\n<div class=\"wp-block-toolset-blocks-grid-column tb-grid-column tb-grid-align-top\" data-toolset-blocks-grid-column=\"3034fbe886c11054e95b46b09d3e4112\"><\/div>\n<\/div>\n","protected":false},"excerpt":{"rendered":"","protected":false},"author":1,"featured_media":0,"parent":0,"menu_order":0,"comment_status":"closed","ping_status":"closed","template":"","meta":{"_uag_custom_page_level_css":"","site-sidebar-layout":"default","site-content-layout":"default","ast-site-content-layout":"default","site-content-style":"default","site-sidebar-style":"default","ast-global-header-display":"","ast-banner-title-visibility":"","ast-main-header-display":"","ast-hfb-above-header-display":"","ast-hfb-below-header-display":"","ast-hfb-mobile-header-display":"","site-post-title":"disabled","ast-breadcrumbs-content":"","ast-featured-img":"","footer-sml-layout":"","ast-disable-related-posts":"","theme-transparent-header-meta":"default","adv-header-id-meta":"","stick-header-meta":"default","header-above-stick-meta":"","header-main-stick-meta":"","header-below-stick-meta":"","astra-migrate-meta-layouts":"default","ast-page-background-enabled":"default","ast-page-background-meta":{"desktop":{"background-color":"","background-image":"","background-repeat":"repeat","background-position":"center center","background-size":"auto","background-attachment":"scroll","background-type":"","background-media":"","overlay-type":"","overlay-color":"","overlay-opacity":"","overlay-gradient":""},"tablet":{"background-color":"","background-image":"","background-repeat":"repeat","background-position":"center center","background-size":"auto","background-attachment":"scroll","background-type":"","background-media":"","overlay-type":"","overlay-color":"","overlay-opacity":"","overlay-gradient":""},"mobile":{"background-color":"","background-image":"","background-repeat":"repeat","background-position":"center center","background-size":"auto","background-attachment":"scroll","background-type":"","background-media":"","overlay-type":"","overlay-color":"","overlay-opacity":"","overlay-gradient":""}},"ast-content-background-meta":{"desktop":{"background-color":"var(--ast-global-color-5)","background-image":"","background-repeat":"repeat","background-position":"center center","background-size":"auto","background-attachment":"scroll","background-type":"","background-media":"","overlay-type":"","overlay-color":"","overlay-opacity":"","overlay-gradient":""},"tablet":{"background-color":"var(--ast-global-color-5)","background-image":"","background-repeat":"repeat","background-position":"center center","background-size":"auto","background-attachment":"scroll","background-type":"","background-media":"","overlay-type":"","overlay-color":"","overlay-opacity":"","overlay-gradient":""},"mobile":{"background-color":"var(--ast-global-color-5)","background-image":"","background-repeat":"repeat","background-position":"center center","background-size":"auto","background-attachment":"scroll","background-type":"","background-media":"","overlay-type":"","overlay-color":"","overlay-opacity":"","overlay-gradient":""}},"footnotes":""},"categories":[],"zona-de-exportacion":[],"class_list":["post-466","page","type-page","status-publish","hentry"],"yoast_head":"<!-- This site is optimized with the Yoast SEO plugin v27.2 - https:\/\/yoast.com\/product\/yoast-seo-wordpress\/ -->\n<title>Aviso legal - Industrial<\/title>\n<meta name=\"robots\" content=\"index, follow, max-snippet:-1, max-image-preview:large, max-video-preview:-1\" \/>\n<link rel=\"canonical\" href=\"https:\/\/www.industrialclm.com\/aviso-legal\/\" \/>\n<meta property=\"og:locale\" content=\"bg_BG\" \/>\n<meta property=\"og:type\" content=\"article\" \/>\n<meta property=\"og:title\" content=\"Aviso legal - Industrial\" \/>\n<meta property=\"og:url\" content=\"https:\/\/www.industrialclm.com\/aviso-legal\/\" \/>\n<meta property=\"og:site_name\" content=\"Industrial\" \/>\n<meta property=\"article:modified_time\" content=\"2021-09-21T15:25:28+00:00\" \/>\n<meta name=\"twitter:card\" content=\"summary_large_image\" \/>\n<script type=\"application\/ld+json\" class=\"yoast-schema-graph\">{\"@context\":\"https:\/\/schema.org\",\"@graph\":[{\"@type\":\"WebPage\",\"@id\":\"https:\/\/www.industrialclm.com\/aviso-legal\/\",\"url\":\"https:\/\/www.industrialclm.com\/aviso-legal\/\",\"name\":\"Aviso legal - Industrial\",\"isPartOf\":{\"@id\":\"https:\/\/www.industrialclm.com\/en\/#website\"},\"datePublished\":\"2020-10-27T16:05:10+00:00\",\"dateModified\":\"2021-09-21T15:25:28+00:00\",\"breadcrumb\":{\"@id\":\"https:\/\/www.industrialclm.com\/aviso-legal\/#breadcrumb\"},\"inLanguage\":\"bg-BG\",\"potentialAction\":[{\"@type\":\"ReadAction\",\"target\":[\"https:\/\/www.industrialclm.com\/aviso-legal\/\"]}]},{\"@type\":\"BreadcrumbList\",\"@id\":\"https:\/\/www.industrialclm.com\/aviso-legal\/#breadcrumb\",\"itemListElement\":[{\"@type\":\"ListItem\",\"position\":1,\"name\":\"Home\",\"item\":\"https:\/\/www.industrialclm.com\/\"},{\"@type\":\"ListItem\",\"position\":2,\"name\":\"Aviso legal\"}]},{\"@type\":\"WebSite\",\"@id\":\"https:\/\/www.industrialclm.com\/en\/#website\",\"url\":\"https:\/\/www.industrialclm.com\/en\/\",\"name\":\"Industrial\",\"description\":\"Industrial business directory\",\"publisher\":{\"@id\":\"https:\/\/www.industrialclm.com\/en\/#organization\"},\"potentialAction\":[{\"@type\":\"SearchAction\",\"target\":{\"@type\":\"EntryPoint\",\"urlTemplate\":\"https:\/\/www.industrialclm.com\/en\/?s={search_term_string}\"},\"query-input\":{\"@type\":\"PropertyValueSpecification\",\"valueRequired\":true,\"valueName\":\"search_term_string\"}}],\"inLanguage\":\"bg-BG\"},{\"@type\":\"Organization\",\"@id\":\"https:\/\/www.industrialclm.com\/en\/#organization\",\"name\":\"Industrial\",\"url\":\"https:\/\/www.industrialclm.com\/en\/\",\"logo\":{\"@type\":\"ImageObject\",\"inLanguage\":\"bg-BG\",\"@id\":\"https:\/\/www.industrialclm.com\/en\/#\/schema\/logo\/image\/\",\"url\":\"https:\/\/www.industrialclm.com\/wp-content\/uploads\/2021\/03\/logo_ipex_.png\",\"contentUrl\":\"https:\/\/www.industrialclm.com\/wp-content\/uploads\/2021\/03\/logo_ipex_.png\",\"width\":1934,\"height\":571,\"caption\":\"Industrial\"},\"image\":{\"@id\":\"https:\/\/www.industrialclm.com\/en\/#\/schema\/logo\/image\/\"}}]}<\/script>\n<!-- \/ Yoast SEO plugin. -->","yoast_head_json":{"title":"Aviso legal - Industrial","robots":{"index":"index","follow":"follow","max-snippet":"max-snippet:-1","max-image-preview":"max-image-preview:large","max-video-preview":"max-video-preview:-1"},"canonical":"https:\/\/www.industrialclm.com\/aviso-legal\/","og_locale":"bg_BG","og_type":"article","og_title":"Aviso legal - Industrial","og_url":"https:\/\/www.industrialclm.com\/aviso-legal\/","og_site_name":"Industrial","article_modified_time":"2021-09-21T15:25:28+00:00","twitter_card":"summary_large_image","schema":{"@context":"https:\/\/schema.org","@graph":[{"@type":"WebPage","@id":"https:\/\/www.industrialclm.com\/aviso-legal\/","url":"https:\/\/www.industrialclm.com\/aviso-legal\/","name":"Aviso legal - Industrial","isPartOf":{"@id":"https:\/\/www.industrialclm.com\/en\/#website"},"datePublished":"2020-10-27T16:05:10+00:00","dateModified":"2021-09-21T15:25:28+00:00","breadcrumb":{"@id":"https:\/\/www.industrialclm.com\/aviso-legal\/#breadcrumb"},"inLanguage":"bg-BG","potentialAction":[{"@type":"ReadAction","target":["https:\/\/www.industrialclm.com\/aviso-legal\/"]}]},{"@type":"BreadcrumbList","@id":"https:\/\/www.industrialclm.com\/aviso-legal\/#breadcrumb","itemListElement":[{"@type":"ListItem","position":1,"name":"Home","item":"https:\/\/www.industrialclm.com\/"},{"@type":"ListItem","position":2,"name":"Aviso legal"}]},{"@type":"WebSite","@id":"https:\/\/www.industrialclm.com\/en\/#website","url":"https:\/\/www.industrialclm.com\/en\/","name":"Industrial","description":"Industrial business directory","publisher":{"@id":"https:\/\/www.industrialclm.com\/en\/#organization"},"potentialAction":[{"@type":"SearchAction","target":{"@type":"EntryPoint","urlTemplate":"https:\/\/www.industrialclm.com\/en\/?s={search_term_string}"},"query-input":{"@type":"PropertyValueSpecification","valueRequired":true,"valueName":"search_term_string"}}],"inLanguage":"bg-BG"},{"@type":"Organization","@id":"https:\/\/www.industrialclm.com\/en\/#organization","name":"Industrial","url":"https:\/\/www.industrialclm.com\/en\/","logo":{"@type":"ImageObject","inLanguage":"bg-BG","@id":"https:\/\/www.industrialclm.com\/en\/#\/schema\/logo\/image\/","url":"https:\/\/www.industrialclm.com\/wp-content\/uploads\/2021\/03\/logo_ipex_.png","contentUrl":"https:\/\/www.industrialclm.com\/wp-content\/uploads\/2021\/03\/logo_ipex_.png","width":1934,"height":571,"caption":"Industrial"},"image":{"@id":"https:\/\/www.industrialclm.com\/en\/#\/schema\/logo\/image\/"}}]}},"uagb_featured_image_src":{"full":false,"thumbnail":false,"medium":false,"medium_large":false,"large":false,"1536x1536":false,"2048x2048":false},"uagb_author_info":{"display_name":"Admin IPEX","author_link":"https:\/\/www.industrialclm.com\/bg\/author\/administrador\/"},"uagb_comment_info":0,"uagb_excerpt":null,"_links":{"self":[{"href":"https:\/\/www.industrialclm.com\/bg\/wp-json\/wp\/v2\/pages\/466","targetHints":{"allow":["GET"]}}],"collection":[{"href":"https:\/\/www.industrialclm.com\/bg\/wp-json\/wp\/v2\/pages"}],"about":[{"href":"https:\/\/www.industrialclm.com\/bg\/wp-json\/wp\/v2\/types\/page"}],"author":[{"embeddable":true,"href":"https:\/\/www.industrialclm.com\/bg\/wp-json\/wp\/v2\/users\/1"}],"replies":[{"embeddable":true,"href":"https:\/\/www.industrialclm.com\/bg\/wp-json\/wp\/v2\/comments?post=466"}],"version-history":[{"count":4,"href":"https:\/\/www.industrialclm.com\/bg\/wp-json\/wp\/v2\/pages\/466\/revisions"}],"predecessor-version":[{"id":5093,"href":"https:\/\/www.industrialclm.com\/bg\/wp-json\/wp\/v2\/pages\/466\/revisions\/5093"}],"wp:attachment":[{"href":"https:\/\/www.industrialclm.com\/bg\/wp-json\/wp\/v2\/media?parent=466"}],"wp:term":[{"taxonomy":"category","embeddable":true,"href":"https:\/\/www.industrialclm.com\/bg\/wp-json\/wp\/v2\/categories?post=466"},{"taxonomy":"zona-de-exportacion","embeddable":true,"href":"https:\/\/www.industrialclm.com\/bg\/wp-json\/wp\/v2\/zona-de-exportacion?post=466"}],"curies":[{"name":"wp","href":"https:\/\/api.w.org\/{rel}","templated":true}]}}